{"id":298,"date":"2017-03-03T13:06:04","date_gmt":"2017-03-03T13:06:04","guid":{"rendered":"http:\/\/xn--bltenzeit-r9a.com\/?page_id=298"},"modified":"2024-01-15T19:27:34","modified_gmt":"2024-01-15T19:27:34","slug":"tischdekoration","status":"publish","type":"page","link":"http:\/\/Bl\u00fctenzeit.com\/?page_id=298","title":{"rendered":"Tischdekoration"},"content":{"rendered":"<p style=\"padding-left: 40px;\">&nbsp;<\/p>\n<p>&nbsp;<\/p>\n<p style=\"padding-left: 40px;\"><span style=\"color: #d61e77;\"><strong>Feste &amp; Feiern<\/strong><\/span><\/p>\n<p style=\"padding-left: 40px;\">Ob bei Geburtstagsfesten, Familienfeiern, Taufen, Kommunionen, Konfirmationen und<br \/>\nJubil\u00e4en: Blumen machen gute Laune und sorgen f\u00fcr die richtige Stimmung.<\/p>\n<p style=\"padding-left: 40px;\">Wir zaubern Str\u00e4u\u00dfe, Tisch- und Raumdekoration f\u00fcr jeden Anlass \u2013 auch f\u00fcr Ihren.<br \/>\nKommen Sie einfach vorbei. Wir beraten Sie gern.<\/p>\n<p style=\"padding-left: 40px;\">Am besten machen wir vorher einen Termin aus, damit wir Zeit f\u00fcr Sie haben.<\/p>\nngg_shortcode_0_placeholder\n","protected":false},"excerpt":{"rendered":"<p>&nbsp; &nbsp; Feste &amp; Feiern Ob bei Geburtstagsfesten, Familienfeiern, Taufen, Kommunionen, Konfirmationen und Jubil\u00e4en: Blumen machen gute Laune und sorgen f\u00fcr die richtige Stimmung. Wir zaubern Str\u00e4u\u00dfe, Tisch- und Raumdekoration f\u00fcr jeden Anlass \u2013 auch f\u00fcr Ihren. Kommen Sie einfach vorbei. Wir beraten Sie gern. Am besten machen wir vorher einen Termin aus, damit wir &hellip; <\/p>\n<p class=\"link-more\"><a href=\"http:\/\/Bl\u00fctenzeit.com\/?page_id=298\" class=\"more-link\"><span class=\"screen-reader-text\">\u201eTischdekoration\u201c <\/span>weiterlesen<\/a><\/p>\n","protected":false},"author":1,"featured_media":346,"parent":0,"menu_order":0,"comment_status":"closed","ping_status":"closed","template":"","meta":{"ngg_post_thumbnail":0,"footnotes":""},"class_list":["post-298","page","type-page","status-publish","has-post-thumbnail","hentry"],"_links":{"self":[{"href":"http:\/\/Bl\u00fctenzeit.com\/index.php?rest_route=\/wp\/v2\/pages\/298","targetHints":{"allow":["GET"]}}],"collection":[{"href":"http:\/\/Bl\u00fctenzeit.com\/index.php?rest_route=\/wp\/v2\/pages"}],"about":[{"href":"http:\/\/Bl\u00fctenzeit.com\/index.php?rest_route=\/wp\/v2\/types\/page"}],"author":[{"embeddable":true,"href":"http:\/\/Bl\u00fctenzeit.com\/index.php?rest_route=\/wp\/v2\/users\/1"}],"replies":[{"embeddable":true,"href":"http:\/\/Bl\u00fctenzeit.com\/index.php?rest_route=%2Fwp%2Fv2%2Fcomments&post=298"}],"version-history":[{"count":6,"href":"http:\/\/Bl\u00fctenzeit.com\/index.php?rest_route=\/wp\/v2\/pages\/298\/revisions"}],"predecessor-version":[{"id":977,"href":"http:\/\/Bl\u00fctenzeit.com\/index.php?rest_route=\/wp\/v2\/pages\/298\/revisions\/977"}],"wp:featuredmedia":[{"embeddable":true,"href":"http:\/\/Bl\u00fctenzeit.com\/index.php?rest_route=\/wp\/v2\/media\/346"}],"wp:attachment":[{"href":"http:\/\/Bl\u00fctenzeit.com\/index.php?rest_route=%2Fwp%2Fv2%2Fmedia&parent=298"}],"curies":[{"name":"wp","href":"https:\/\/api.w.org\/{rel}","templated":true}]}}