{"id":16,"date":"2017-03-03T11:44:19","date_gmt":"2017-03-03T11:44:19","guid":{"rendered":"http:\/\/xn--bltenzeit-r9a.com\/?page_id=16"},"modified":"2026-04-12T10:25:16","modified_gmt":"2026-04-12T10:25:16","slug":"startseite","status":"publish","type":"page","link":"http:\/\/Bl\u00fctenzeit.com\/","title":{"rendered":""},"content":{"rendered":"<p>&nbsp;<\/p>\n<p>Wir haben vom 13.04. &#8211; einschl. 18.04. geschlossen !<\/p>\n<p>&nbsp;<\/p>\n<p>&nbsp;<\/p>\n<p>&nbsp;<\/p>\n<p>&nbsp;<\/p>\n<p>&nbsp;<\/p>\n<p>&nbsp;<\/p>\n<p>&nbsp;<\/p>\n<p>&nbsp;<\/p>\n<p><span style=\"color: #d61e77; font-family: 'Abhaya Libre';\"><strong><span style=\"font-size: 20px;\">Willkommen in der Welt der Blumen,<\/span><\/strong><\/span><br><span style=\"color: #d61e77; font-family: 'Abhaya Libre';\"><strong> <span style=\"font-size: 20px;\"> des sch\u00f6nen, kreativen und au\u00dfergew\u00f6hnlichen.&nbsp;<\/span><\/strong><\/span><\/p>\n<p>&nbsp;<\/p>\n<p>F\u00fcr uns gibt es nichts Sch\u00f6neres, als Ihnen mit unseren liebevollgebundenen Str\u00e4u\u00dfen ein L\u00e4cheln ins Gesicht zu zaubern. Deswegen nehmen wir uns f\u00fcr jeden Strau\u00df viel Zeit, um Formen, Materialen und Farben perfekt abzustimmen. Gerne experimentieren wir mit Naturmaterialien wie Rinde, Moos und Beeren \u2013 aber auch mit Perlen, Spitze, B\u00e4ndern und Draht. Je nach Geschmack und Anlass.&nbsp; Sie sagen uns, was Sie sich vorstellen, wir setzen Ihre W\u00fcnsche um.<\/p>\n<p>&nbsp;<\/p>\n<p><span style=\"color: #d61e77;\"><strong>Kleine Geschenke &amp; Mitbringsel<\/strong><\/span><\/p>\n<p>Bei uns finden Sie eine feine, st\u00e4ndig wechselnde Auswahl an au\u00dfergew\u00f6hnlichen Accessoires.<br>Schauen Sie sich in unserem kleinen, verspielten Laden gern einmal um.<\/p>\n<p>&nbsp;<\/p>\n<p><strong><span style=\"color: #d61e77;\">Trauer<\/span><\/strong><\/p>\n<p>Mit Blumen nehmen Sie Abschied, verarbeiten Trauer, geben einen letzten Gru\u00df mit auf den Weg und bewahren das Gedenken an einen lieben Menschen.<br>Auch in Trauerzeiten sind wir f\u00fcr Sie da und unterst\u00fctzen Sie mit wundersch\u00f6ner Trauerfloristik, zum Beispiel mit Trauerkr\u00e4nzen, Gestecken und Sargschmuck.<br>Gerne stellen wir den passenden Blumenschmuck f\u00fcr Sie zusammen.&nbsp; &nbsp;Rufen Sie am besten vorher an, damit wir einen Termin vereinbaren k\u00f6nnen.<\/p>\n<p>&nbsp;<\/p>\n<p><strong><span style=\"color: #d61e77;\">Str\u00e4u\u00dfe &amp; Gestecke<\/span><\/strong><\/p>\n<p>Mit einem Blumenstrau\u00df bringen Sie Farbe und Freude ins Leben, Sie sagen damit Dankesch\u00f6n oder bitten um Verzeihung, gratulieren oder tr\u00f6sten.&nbsp; Blumen sind so vielseitig wie wunderbar.<br>F\u00fcr unsere liebevoll gebundenen Str\u00e4u\u00dfe und Gestecke verwenden wir immer ganz frische Blumen, die wir direkt vom Gro\u00dfmarkt beziehen.<br>Lassen Sie sich in unserem zauberhaften Blumenl\u00e4dchen in Bergh\u00fclen inspirieren.<\/p>\n<p>&nbsp;<\/p>\n<p><strong><span style=\"color: #d61e77;\">Bestellung &amp; Auslieferung<\/span><\/strong><\/p>\n<p>Sie m\u00f6chten Ihren Strau\u00df nur schnell bei uns abholen? Wunderbar.&nbsp; Das funktioniert bei uns ganz einfach und unkompliziert.&nbsp; Anrufen, bestellen, abholen \u2013 fertig.<br>Sie erreichen uns telefonisch unter 07344 1614585 oder per&nbsp; &nbsp; &nbsp; &nbsp; &nbsp; &nbsp; &nbsp; &nbsp; &nbsp; &nbsp; E-Mail<span style=\"font-size: revert;\">&nbsp;<\/span><span style=\"font-size: revert;\">w.strifler@googlemail.com.<\/span><\/p>\n<p>Gerne liefern wir Ihre Bestellung im Radius von etwa 15 Kilometern auch aus.<\/p>\n<p>&nbsp;<\/p>\n<p><span style=\"color: #d61e77;\">Wir freuen uns auf ihren Anruf oder schauen sie doch direkt in unserem Laden vorbei<\/span><\/p>\n<p><span style=\"color: #d61e77;\">Ihr Bl\u00fctenzeit Team<\/span><\/p>\n<p><span style=\"color: #d61e77;\">Hauptstra\u00dfe 5<br>89180 Bergh\u00fclen<br>Telefon: 07344 \/ 1614585<\/span><\/p>\n<p>&nbsp;<\/p>\n<p>&nbsp;<\/p>\n<p>&nbsp;<\/p>\n<p>&nbsp;<\/p>\n<p>&nbsp;<\/p>\n<p>&nbsp;<\/p>\n\n\n<p><\/p>\n","protected":false},"excerpt":{"rendered":"<p>&nbsp; Wir haben vom 13.04. &#8211; einschl. 18.04. geschlossen ! &nbsp; &nbsp; &nbsp; &nbsp; &nbsp; &nbsp; &nbsp; &nbsp; Willkommen in der Welt der Blumen, des sch\u00f6nen, kreativen und au\u00dfergew\u00f6hnlichen.&nbsp; &nbsp; F\u00fcr uns gibt es nichts Sch\u00f6neres, als Ihnen mit unseren liebevollgebundenen Str\u00e4u\u00dfen ein L\u00e4cheln ins Gesicht zu zaubern. Deswegen nehmen wir uns f\u00fcr jeden Strau\u00df &hellip; <\/p>\n<p class=\"link-more\"><a href=\"http:\/\/Bl\u00fctenzeit.com\/\" class=\"more-link\"><span class=\"screen-reader-text\">\u201e\u201c <\/span>weiterlesen<\/a><\/p>\n","protected":false},"author":1,"featured_media":404,"parent":0,"menu_order":0,"comment_status":"closed","ping_status":"closed","template":"","meta":{"ngg_post_thumbnail":0,"footnotes":""},"class_list":["post-16","page","type-page","status-publish","has-post-thumbnail","hentry"],"_links":{"self":[{"href":"http:\/\/Bl\u00fctenzeit.com\/index.php?rest_route=\/wp\/v2\/pages\/16","targetHints":{"allow":["GET"]}}],"collection":[{"href":"http:\/\/Bl\u00fctenzeit.com\/index.php?rest_route=\/wp\/v2\/pages"}],"about":[{"href":"http:\/\/Bl\u00fctenzeit.com\/index.php?rest_route=\/wp\/v2\/types\/page"}],"author":[{"embeddable":true,"href":"http:\/\/Bl\u00fctenzeit.com\/index.php?rest_route=\/wp\/v2\/users\/1"}],"replies":[{"embeddable":true,"href":"http:\/\/Bl\u00fctenzeit.com\/index.php?rest_route=%2Fwp%2Fv2%2Fcomments&post=16"}],"version-history":[{"count":117,"href":"http:\/\/Bl\u00fctenzeit.com\/index.php?rest_route=\/wp\/v2\/pages\/16\/revisions"}],"predecessor-version":[{"id":1186,"href":"http:\/\/Bl\u00fctenzeit.com\/index.php?rest_route=\/wp\/v2\/pages\/16\/revisions\/1186"}],"wp:featuredmedia":[{"embeddable":true,"href":"http:\/\/Bl\u00fctenzeit.com\/index.php?rest_route=\/wp\/v2\/media\/404"}],"wp:attachment":[{"href":"http:\/\/Bl\u00fctenzeit.com\/index.php?rest_route=%2Fwp%2Fv2%2Fmedia&parent=16"}],"curies":[{"name":"wp","href":"https:\/\/api.w.org\/{rel}","templated":true}]}}